{"id":451,"date":"2021-03-22T07:06:18","date_gmt":"2021-03-22T07:06:18","guid":{"rendered":"https:\/\/soziologie-der-nachhaltigkeit.de\/?page_id=451"},"modified":"2025-10-22T11:33:11","modified_gmt":"2025-10-22T11:33:11","slug":"satzung-des-ak-sona","status":"publish","type":"page","link":"https:\/\/soziologie-der-nachhaltigkeit.de\/?page_id=451","title":{"rendered":"Satzung des AK SONA"},"content":{"rendered":"\n<p><strong>\u00a71 Ziel des Arbeitskreises<\/strong><br>Der Arbeitskreis Soziologie der Nachhaltigkeit (kurz: SONA) ist ein wissenschaftliches Netzwerk, das zum Ziel hat, einen Beitrag zur disziplin\u00e4ren Selbstverst\u00e4ndigung, Vernetzung und Institutionalisierung der Nachhaltigkeitssoziologie zu leisten. Sein Fokus liegt entsprechend des Querschnittthemas der Nachhaltigkeit darauf, die verschiedenen Nachhaltigkeitsbez\u00fcge der Sektionen und der soziologischen Fachgemeinschaft miteinander ins Gespr\u00e4ch zu bringen.<br><br><strong>\u00a72 Mitgliedschaft<\/strong><br>Der Arbeitskreis hat zwei Kategorien von Mitgliedern: (a) assoziierte Mitglieder (Personen, die Interesse an der Mitarbeit bekunden und sich in den Verteiler aufnehmen lassen) und (b) formale Mitglieder (assoziierte Mitglieder k\u00f6nnen sich auf jeder Mitgliederversammlung vorstellen und werden dann per Wahl formal aufgenommen).<br><br><strong>\u00a73 Mitgliederversammlung<\/strong><br>Es findet eine j\u00e4hrliche Mitgliederversammlung des Arbeitskreises statt. Termin ist jeweils der erste Freitag im Februar. Die Mitgliederversammlung findet in digitaler Form statt.<br><br><strong>\u00a74 Sprecherinnen-Kreis<\/strong><br>(1) Der AK wird von einem Sprecherinnenkreis aus 2-6 Personen gef\u00fchrt, der f\u00fcr zwei Jahre gew\u00e4hlt wird.<br>(2) Der Sprecherinnenkreis wird von der Mitgliederversammlung gew\u00e4hlt. In den Sprecherinnenkreis k\u00f6nnen formale Mitglieder des Arbeitskreises gew\u00e4hlt werden. Eine Wiederwahl ist m\u00f6glich.<br>(3) Der Sprecherinnenkreis darf auf eigenen Antrag hin der Mitgliederversammlung vorschlagen, weitere Sprecherinnen aufzunehmen. Der Sprecherinnenkreis muss diesen Vorschlag einstimmig vorlegen. F\u00fcr die Zuwahl weiterer Sprecherinnen gelten \u00a7 4, Absatz (1) und (2). <br>(4) Die Aufgabe des Sprecherinnenkreises ist die Organisation der Mitgliederversammlung, die Betreuung der Buchreihe \u201eSoziologie der Nachhaltigkeit\u201c im transcript Verlag, die Pflege der Homepage und die Koordination der sonstigen Aktivit\u00e4ten des Arbeitskreises.<\/p>\n\n\n\n<p> <strong>\u00a75 Reihe \u201eSoziologie der Nachhaltigkeit\u201c <\/strong><br>Die Sprecher*innen des Arbeitskreises sind auch Ansprechpartner*innen f\u00fcr die Reihe \u201eSoziologie der Nachhaltigkeit\u201c im transcript Verlag. Herausgegeben wird die Reihe stets vom Arbeitskreis als Ganzem.<\/p>\n\n\n\n<p><strong>\u00a76 Satzungs\u00e4nderung<\/strong><br>Eine Satzungs\u00e4nderung ist auf Antrag von mindestens zwei formalen Mitgliedern der Mitgliederversammlung m\u00f6glich und wird angenommen, wenn sie von mit 2\/3 Mehrheit der Teilnehmer*innen an der Mitgliederversammlung bef\u00fcrwortet wird.<\/p>\n","protected":false},"excerpt":{"rendered":"<p>\u00a71 Ziel des ArbeitskreisesDer Arbeitskreis Soziologie der Nachhaltigkeit (kurz: SONA) ist ein wissenschaftliches Netzwerk, das zum Ziel hat, einen Beitrag zur disziplin\u00e4ren Selbstverst\u00e4ndigung, Vernetzung und Institutionalisierung der Nachhaltigkeitssoziologie zu leisten. Sein Fokus liegt entsprechend des Querschnittthemas der Nachhaltigkeit darauf, die verschiedenen Nachhaltigkeitsbez\u00fcge der Sektionen und der soziologischen Fachgemeinschaft miteinander ins Gespr\u00e4ch zu bringen. \u00a72 MitgliedschaftDer &hellip; <a href=\"https:\/\/soziologie-der-nachhaltigkeit.de\/?page_id=451\" class=\"more-link\"><span class=\"screen-reader-text\">Satzung des AK SONA<\/span> weiterlesen <span class=\"meta-nav\">&rarr;<\/span><\/a><\/p>\n","protected":false},"author":1,"featured_media":0,"parent":0,"menu_order":0,"comment_status":"closed","ping_status":"closed","template":"","meta":[],"_links":{"self":[{"href":"https:\/\/soziologie-der-nachhaltigkeit.de\/index.php?rest_route=\/wp\/v2\/pages\/451"}],"collection":[{"href":"https:\/\/soziologie-der-nachhaltigkeit.de\/index.php?rest_route=\/wp\/v2\/pages"}],"about":[{"href":"https:\/\/soziologie-der-nachhaltigkeit.de\/index.php?rest_route=\/wp\/v2\/types\/page"}],"author":[{"embeddable":true,"href":"https:\/\/soziologie-der-nachhaltigkeit.de\/index.php?rest_route=\/wp\/v2\/users\/1"}],"replies":[{"embeddable":true,"href":"https:\/\/soziologie-der-nachhaltigkeit.de\/index.php?rest_route=%2Fwp%2Fv2%2Fcomments&post=451"}],"version-history":[{"count":4,"href":"https:\/\/soziologie-der-nachhaltigkeit.de\/index.php?rest_route=\/wp\/v2\/pages\/451\/revisions"}],"predecessor-version":[{"id":737,"href":"https:\/\/soziologie-der-nachhaltigkeit.de\/index.php?rest_route=\/wp\/v2\/pages\/451\/revisions\/737"}],"wp:attachment":[{"href":"https:\/\/soziologie-der-nachhaltigkeit.de\/index.php?rest_route=%2Fwp%2Fv2%2Fmedia&parent=451"}],"curies":[{"name":"wp","href":"https:\/\/api.w.org\/{rel}","templated":true}]}}