{"id":420,"date":"2021-03-10T15:02:14","date_gmt":"2021-03-10T15:02:14","guid":{"rendered":"http:\/\/soziologie-der-nachhaltigkeit.de\/?page_id=420"},"modified":"2026-03-10T20:34:58","modified_gmt":"2026-03-10T20:34:58","slug":"veranstaltungen","status":"publish","type":"page","link":"https:\/\/soziologie-der-nachhaltigkeit.de\/?page_id=420","title":{"rendered":"Veranstaltungen"},"content":{"rendered":"\n<p> <\/p>\n\n\n\n<h1>Aktuelle Veranstaltungen<\/h1>\n\n\n\n<p><br><strong>Wohin steuert die Nachhaltigkeitsforschung?<\/strong> <br><br>Workshop zu Zukunfts- und Karriereperspektiven in der sozialwissenschaftlichen<br>Umwelt- und Nachhaltigkeitsforschung<br><br>am 28.\/29. Mai 2026, Frankfurt am Main<br><a rel=\"noreferrer noopener\" href=\"http:\/\/soziologie-der-nachhaltigkeit.de\/wp-content\/uploads\/2026\/03\/CfP-AK-SONA-Workshop-Frankfurt-2026_final.pdf\" target=\"_blank\">Hier geht&#8217;s zum Call<\/a> (Fristende: 10. April 2026)<\/p>\n\n\n\n<p><br><strong>Durchgef\u00fchrte Veranstaltungen<\/strong><\/p>\n\n\n\n<ul>\n<li>\u203aDie Weltgesellschaft in der Klimakrise\u2039 am 13. und 14.<a href=\"https:\/\/soziologie.de\/aktuell\/news\/die-weltgesellschaft-in-der-klimakrise-13-und-14-februar-2025-in-leipzig-deadline-fuer-abstracts-20102024\"> <\/a>Februar 2025 an der Universit\u00e4t Leipzig<\/li>\n\n\n\n<li>&#8222;Infrastrukturen und sozial\u00f6kologische Transformation&#8220; am 6. und 7. Juni 2024 an der Universit\u00e4t Stuttgart<\/li>\n\n\n\n<li>&#8222;WISSENSTRANSFER IN DER KRISE? Soziologische Perspektiven auf Herausforderungen und Gelingensbedingungen von Wissenschaftskommunikation zu Nachhaltigkeitsproblemen&#8220;, 1.\/2.6 2023, Universit\u00e4t Hamburg (Organsiation: Cristina Besio, Anna Henkel, Simone R\u00f6dder)<\/li>\n\n\n\n<li>\u201eSociologists for Future? Soziologische Klima &#8211; und Nachhaltigkeitsforschung zwischen akademischem und \u00f6ffentlichem Diskurs\u201c, 28.09.2022, DGS-Kongress in Bielefeld (Carsten Ohlrogge, Niklas Haarbusch Bj\u00f6rn Wendt)<\/li>\n\n\n\n<li>\u201eKann eine digitale Gesellschaft nachhaltig sein? Soziologische Perspektiven auf die Wechselwirkungen von gesellschaftlicher Transformation, Technik und Natur\u201c, 24.\/25.6.2022, Tagung des DGS-Arbeitskreises \u00bbSoziologie der Nachhaltigkeit\u00ab gemeinsam mit den Sektionen Arbeits- und Industriesoziologie, Organisationssoziologie, Religionssoziologie, Umweltsoziologie, Wirtschaftssoziologie sowie Wissenschafts- und Technikforschung, Universit\u00e4t Passau (Organisation: Thomas Barth, Anna Henkel, Jens K\u00f6hrsen, Bj\u00f6rn Wendt)<\/li>\n\n\n\n<li>&nbsp;\u201eNachhaltigkeitskonflikte: Sozial-\u00f6kologische Dilemmata, Ungleichheiten und Machtk\u00e4mpfe, 21.9.2020, Ad-hoc-Gruppe, DGS-Kongress 2020 in Berlin (Organisation: Bj\u00f6rn Wendt, Thomas Barth, Raphaela Casata,&nbsp; Jens K\u00f6hrsen)<\/li>\n\n\n\n<li>&nbsp;\u201eArbeit in der sozial-\u00f6kologischen Transformation \u2013 eine Herausforderung f\u00fcr die Umweltsoziologie?\u201c, 16.9.2020, Sektionsveranstaltung der Sektion Umweltsoziologie auf dem DGS-Kongress 2020 in Berlin (Organisation: Thomas Barth, Georg Jochum und Melanie Jaeger-Erben)<\/li>\n\n\n\n<li>&nbsp;\u201eAuf dem Weg zur nachhaltigen Arbeit? Risiken, Widerspr\u00fcche und Chancen der sozial-\u00f6kologischen Transformation der Arbeitsgesellschaft\u201c, 25.9.2019, \u201eGreat Transformation: Die Zukunft moderner Gesellschaften\u201c 23. bis 27. September 2019 an der FSU Jena (DGS, DFG) (Organisation: Thomas Barth, Georg Jochum, Beate Littig)<\/li>\n\n\n\n<li>\u201eMehr Utopie wagen! Visionen einer Postwachstumsgesellschaft\u201c, 26.09.2019, \u201eGreat Transformation: Die Zukunft moderner Gesellschaften\u201c 23. bis 27. September 2019 an der FSU Jena (DGS, DFG) (Organisation: Benjamin G\u00f6rgen, Jens K\u00f6hrsen, Bj\u00f6rn Wendt)<\/li>\n\n\n\n<li>\u201e Abschied oder Renaissance der Kontrollmacht? Nachhaltigkeit und die Un\/Verf\u00fcgbarkeit sozial-\u00f6kologischer Gesellschaftsgestaltung, 24.09.2019, \u201eGreat Transformation: Die Zukunft moderner Gesellschaften\u201c an der FSU Jena (DGS, DFG) (Organisation: Katharina Block, Anna Henkel, Bj\u00f6rn Wendt)<\/li>\n\n\n\n<li>&nbsp;\u201eUmweltsoziologie als Soziologie der Nachhaltigkeit?\u201c Veranstaltung der Sektion Umweltsoziologie, 27.09.2018, DGS-Kongress 2018 in G\u00f6ttingen (Organisation: Katharina Block und Matthias Gro\u00df)<\/li>\n<\/ul>\n\n\n\n<p class=\"has-text-align-left\"><\/p>\n\n\n\n<p><br><\/p>\n","protected":false},"excerpt":{"rendered":"<p>Aktuelle Veranstaltungen Wohin steuert die Nachhaltigkeitsforschung? Workshop zu Zukunfts- und Karriereperspektiven in der sozialwissenschaftlichenUmwelt- und Nachhaltigkeitsforschung am 28.\/29. Mai 2026, Frankfurt am MainHier geht&#8217;s zum Call (Fristende: 10. April 2026) Durchgef\u00fchrte Veranstaltungen<\/p>\n","protected":false},"author":1,"featured_media":0,"parent":0,"menu_order":0,"comment_status":"closed","ping_status":"closed","template":"","meta":[],"_links":{"self":[{"href":"https:\/\/soziologie-der-nachhaltigkeit.de\/index.php?rest_route=\/wp\/v2\/pages\/420"}],"collection":[{"href":"https:\/\/soziologie-der-nachhaltigkeit.de\/index.php?rest_route=\/wp\/v2\/pages"}],"about":[{"href":"https:\/\/soziologie-der-nachhaltigkeit.de\/index.php?rest_route=\/wp\/v2\/types\/page"}],"author":[{"embeddable":true,"href":"https:\/\/soziologie-der-nachhaltigkeit.de\/index.php?rest_route=\/wp\/v2\/users\/1"}],"replies":[{"embeddable":true,"href":"https:\/\/soziologie-der-nachhaltigkeit.de\/index.php?rest_route=%2Fwp%2Fv2%2Fcomments&post=420"}],"version-history":[{"count":23,"href":"https:\/\/soziologie-der-nachhaltigkeit.de\/index.php?rest_route=\/wp\/v2\/pages\/420\/revisions"}],"predecessor-version":[{"id":755,"href":"https:\/\/soziologie-der-nachhaltigkeit.de\/index.php?rest_route=\/wp\/v2\/pages\/420\/revisions\/755"}],"wp:attachment":[{"href":"https:\/\/soziologie-der-nachhaltigkeit.de\/index.php?rest_route=%2Fwp%2Fv2%2Fmedia&parent=420"}],"curies":[{"name":"wp","href":"https:\/\/api.w.org\/{rel}","templated":true}]}}