{"id":33,"date":"2018-07-12T13:40:58","date_gmt":"2018-07-12T13:40:58","guid":{"rendered":"https:\/\/soziologiedernachhaltigkeit.wordpress.com\/?page_id=33"},"modified":"2025-10-22T11:42:09","modified_gmt":"2025-10-22T11:42:09","slug":"autoren-innen","status":"publish","type":"page","link":"https:\/\/soziologie-der-nachhaltigkeit.de\/?page_id=33","title":{"rendered":"Mitglieder"},"content":{"rendered":"<p><strong>Jana-Maria Albrecht<\/strong><br \/>ist Doktorandin und Wissenschaftliche Mitarbeiterin <a href=\"https:\/\/www.tu.berlin\/vcard\/j.albrecht\">an der TU Berlin<\/a><\/p>\n<p><strong>Thomas<\/strong> <strong>Barth<br \/><\/strong>Dr., ist Wissenschaftlicher Gesch\u00e4ftsf\u00fchrer am <a href=\"https:\/\/www.ifs.uni-frankfurt.de\/personendetails\/thomas-barth.html\" target=\"_blank\" rel=\"noopener\">Institut f\u00fcr Sozialforschung in Frankfurt am Main<\/a><\/p>\n<p><strong>Cristina Besio<\/strong><br \/>Prof., Dr., ist seit 2014 <a href=\"https:\/\/www.hsu-hh.de\/orgasoz\/prof-dr-cristina-besio\">Professorin f\u00fcr Soziologie mit Schwerpunkt Organisationssoziologie an der Helmut-Schmidt-Universit\u00e4t, Hamburg<\/a><\/p>\n<p><strong>Katharina Block<br \/><\/strong>Prof. Dr.,\u00a0 ist <a href=\"https:\/\/www.isd.uni-rostock.de\/isd\/lehrstuhl\/theorie\/lehrstuhl\/block-katharina\/\" target=\"_blank\" rel=\"noopener\">Professorin f\u00fcr soziologische Theorien an der Universti\u00e4t Rostock<\/a><\/p>\n<p><strong>Martin B\u00f6hnert<\/strong><br \/>Dr., ist <a href=\"https:\/\/www.uni-kassel.de\/fb02\/institute\/philosophie\/personen\/dr-martin-boehnert\" target=\"_blank\" rel=\"noopener\">Wissenschaftlicher Mitarbeiter am Institut f\u00fcr Philosophie an der Universit\u00e4t Kassel<\/a><\/p>\n<p><strong>Stefan B\u00f6schen<br \/><\/strong>Prof. Dr. phil. Dipl.-Ing, ist <a href=\"https:\/\/www.sotec.rwth-aachen.de\/cms\/SOTEC\/Der-Lehrstuhl\/Team\/Institutsleitung\/~ryov\/Stefan-Boeschen\/?allou=1\" target=\"_blank\" rel=\"noopener\">Professor f\u00fcr Technik und Gesellschaft am HumTec der RWTH Aachens<\/a><\/p>\n<p><strong>Davide Brocchi<\/strong><br \/>Dr., <a href=\"http:\/\/davidebrocchi.eu\" target=\"_blank\" rel=\"noopener\">freiberuflicher Sozialwissenschaftler, K\u00f6ln<\/a><\/p>\n<p><strong>Nikolaus Buschmann<\/strong><br \/>Dr., <a href=\"https:\/\/uol.de\/nikolaus-buschmann\" target=\"_blank\" rel=\"noopener\">ist Wissenschaftlicher Mitarbeiter in der Abteilung f\u00fcr Soziologie und Sportsoziologie am Institut f\u00fcr Sportwissenschaft der Carl von Ossietzky Universit\u00e4t Oldenburg<\/a> und <a href=\"https:\/\/gtas-braunschweig.de\/researching\/detail\/open-planning-cultures\" target=\"_blank\" rel=\"noopener\">im Verbundprojekt \u201eOpen Planning Cultures. Design Principles for Transformative Spaces\u201c<\/a><\/p>\n<p><strong>Klaus-Peter Buss<\/strong><br \/>Dr., <a href=\"https:\/\/sofi.uni-goettingen.de\/\" target=\"_blank\" rel=\"noopener\">Soziologisches Forschungsinstitut G\u00f6ttingen (SOFI) an der Georg-August-Universit\u00e4t<\/a><\/p>\n<p><strong>Raphaela Casata<\/strong><br \/>ist <a href=\"https:\/\/www.sobi.uni-passau.de\/techniksoziologie\/team-lehrstuhl\/wissenschaftliche-mitarbeiterinnen\/casata-raphaela\" target=\"_blank\" rel=\"noopener\">Wissenschaftliche Mitarbeiterin und Doktorandin am Lehrstuhl f\u00fcr Soziologie mit Schwerpunkt Techniksoziologie und nachhaltige Entwicklung an der Universit\u00e4t Passau<\/a><\/p>\n<p><strong>Philipp Degens<\/strong><br \/>Dr., <a href=\"https:\/\/www.zukuenfte-nachhaltigkeit.uni-hamburg.de\/team\/degens.html\" target=\"_blank\" rel=\"noopener\">ist Wissenschaftlicher Mitarbeiter im DFG-Kolleg-Forschungsgruppe &#8222;Zuk\u00fcnfte der Nachhaltigkeit&#8220; an der Universit\u00e4t Hamburg<\/a><\/p>\n<p><strong>Albert Denk<\/strong><br \/>Dr., ist <a href=\"https:\/\/www.polsoz.fu-berlin.de\/polwiss\/forschung\/systeme\/umweltklima\/mitarbeitende\/denk_albert\/index.html\" target=\"_blank\" rel=\"noopener\">Wissenschaftlicher Mitarbeiter am Arbeitsbereich f\u00fcr Umwelt- und Klimapolitik der Freien Universit\u00e4t Berlin<\/a><\/p>\n<p><strong>Sascha Dickel, <br \/><\/strong>Prof. Dr., ist <a href=\"https:\/\/mediensoziologie.soziologie.uni-mainz.de\/universitaetsprofessor-dr-sascha-dickel\/\" target=\"_blank\" rel=\"noopener\">Juniorprofessor f\u00fcr Mediensoziologie an der Johannes Gutenberg-Universit\u00e4t Mainz<\/a><\/p>\n<p><strong>Agnes Fessler<\/strong><br \/>MA, ist <a href=\"https:\/\/www.sozialwissenschaften.uni-osnabrueck.de\/mitarbeiter_details.html?module=TemplatePersondetails&amp;target=15714&amp;config_id=4621d145fa908c7e0ba1bb4c408dca2a&amp;range_id=3b0c1a14ace4005313ca5d61ca38a8b9&amp;username=afessler\">Wissenschaftliche Mitarbeiterin am Fachbereich 1: Kultur- und Sozialwissenschaften der Universit\u00e4t Osnabr\u00fcck<\/a><\/p>\n<p><strong>Benjamin G\u00f6rgen<\/strong><br \/>Dr., ist wissenschaftlicher Mitarbeiter der <a href=\"https:\/\/www.fogs-gmbh.de\/ueber-uns\/team\/ben-goergen\/\">Gesellschaft f\u00fcr Forschung und Beratung im Gesundheits- und Sozialbereich (FOGS)<\/a><\/p>\n<p><strong>Matthias Gro\u00df<br \/><\/strong>Prof. Dr., ist <a href=\"https:\/\/www.soziologie.uni-jena.de\/arbeitsbereiche\/umweltsoziologie\/personen\/prof_+dr_+matthias+gro%C3%9F\">Professor f\u00fcr Umweltsoziologie an der Friedrich-Schiller Universit\u00e4t Jena<\/a><\/p>\n<p><strong>Holli Gruber<\/strong><br \/>ist <a href=\"https:\/\/www.phil.uni-passau.de\/techniksoziologie\/team-lehrstuhl\/wissenschaftliche-mitarbeiterinnen\/gruber-holli\/\" target=\"_blank\" rel=\"noopener\">Wissenschaftliche Mitarbeiterin und Doktorandin am Lehrstuhl f\u00fcr Soziologie mit Schwerpunkt Techniksoziologie und nachhaltige Entwicklung an der Universit\u00e4t Passau<\/a><\/p>\n<p><strong>Niklas Haarbusch<\/strong><br \/>MA., ist <a href=\"https:\/\/www.uni-muenster.de\/Soziologie\/personen\/haarbusch.shtml\">Wissenschaftlicher Mitarbeiter am Institut f\u00fcr Soziologie der Universit\u00e4t M\u00fcnster<\/a><\/p>\n<p><strong>Anna Henkel<br \/><\/strong>Prof. Dr., ist seit 2019 Inhaberin des <a href=\"https:\/\/www.phil.uni-passau.de\/techniksoziologie\/\">Lehrstuhls f\u00fcr Soziologie mit Schwerpunkt Techniksoziologie und nachhaltige Entwicklung an der Universit\u00e4t Passau<\/a>.<\/p>\n<p><strong>Linda Hering<\/strong><br \/>ist <a href=\"https:\/\/sfb1265.de\/personen\/linda-hering\/\">wissenschaftliche Mitarbeiterin am SFB 1265 \u201cRe-Figuration von R\u00e4umen\u201d an der TU Berlin<\/a><\/p>\n<p><strong>Jessica Hoffmann<\/strong><br \/>M.A., <a href=\"https:\/\/cris.uni-muenster.de\/portal\/de\/person\/47596292\" target=\"_blank\" rel=\"noopener\">ist wissenschaftliche Mitarbeiterin am Arbeitskreis f\u00fcr Gemeinschafts- und Nachhaltigkeitsforschung des Instituts f\u00fcr Soziologie der Universit\u00e4t M\u00fcnster<\/a><\/p>\n<p><strong>Hajo Holst<\/strong><br \/>Prof. Dr., ist <a href=\"https:\/\/www.sozialwissenschaften.uni-osnabrueck.de\/mitarbeiter_details.html?module=TemplatePersondetails&amp;target=15714&amp;config_id=4621d145fa908c7e0ba1bb4c408dca2a&amp;range_id=3b0c1a14ace4005313ca5d61ca38a8b9&amp;username=haholst\">Professor f\u00fcr Wirtschafts-, Organisations- und Arbeitssoziologie an der Universit\u00e4t Osnabr\u00fcck<\/a><\/p>\n<p><strong>Melanie Jaeger-Erben<\/strong><br \/>Prof. Dr., ist <a href=\"https:\/\/www.b-tu.de\/fg-technik-umwelt-soziologie\/team\/prof-dr-melanie-jaeger-erben\">Professorin f\u00fcr Technik- und Umweltsoziologie an der BTU Cottbus &#8211; Senftenberg<\/a><\/p>\n<p><strong>Patrick Kahle<\/strong><br \/>ist <a href=\"https:\/\/ekvv.uni-bielefeld.de\/pers_publ\/publ\/PersonDetail.jsp;jsessionid=420DA9B63779ADEEF733C88B2D5D1F03.publ_ekvva?personId=87857936&amp;lang=EN\" target=\"_blank\" rel=\"noopener\">Doktorand an der Bielefeld Graduate School in History and Sociology, Universit\u00e4t Bielefeld<\/a><\/p>\n<p><strong>Yannick Kalff<\/strong><br \/>Dr., ist <a href=\"https:\/\/www.htw-berlin.de\/hochschule\/personen\/person\/?eid=14215\" target=\"_blank\" rel=\"noopener\">Wissenschaftlicher Mitarbeiter in der Arbeitsgruppe &#8222;Informatik und Gesellschaft&#8220; an der HTW Berlin<\/a><\/p>\n<p><strong>Svea Kietzmann<\/strong><br \/>ist <a href=\"https:\/\/www.soziologie.uni-freiburg.de\/personen\/Svea%20Maren%20Kietzmann\/diana-cichecki\" target=\"_blank\" rel=\"noopener\">wissenschaftliche Mitarbeiterin am Institut f\u00fcr Soziologie der Universit\u00e4t Freiburg<\/a> und <a href=\"https:\/\/sowi.tu-dortmund.de\/studium\/promotionskolleg\/ueber-uns\/svea-kietzmann\/\" target=\"_blank\" rel=\"noopener\">Promotionsstipendiatin der Hans-B\u00f6ckler-Stiftung im Graduiertenkolleg \u201eNeue Herausforderungen der alternden Gesellschaften\u201c an der TU Dortmund<\/a><\/p>\n<p><strong>Jens K\u00f6hrsen<br \/><\/strong>Prof. Dr.<span lang=\"de-DE\">, ist <a href=\"https:\/\/www.tf.uio.no\/english\/people\/aca\/jensolek\/\" target=\"_blank\" rel=\"noopener\">Professor f\u00fcr Religion und Gesellschaft an der Universit\u00e4t Oslo<\/a><br \/><\/span><\/p>\n<p><strong>Gregor Kungl<\/strong><br \/>Dr., ist <a href=\"https:\/\/www.sowi.uni-stuttgart.de\/institut\/team\/Kungl\/\" target=\"_blank\" rel=\"noopener\">wissenschaftlicher Mitarbeiter an der Abteilung f\u00fcr Organisations- und Innovationssoziologie an der Universit\u00e4t Stuttgart<\/a><\/p>\n<p><strong>Thomas Laux<\/strong><br \/><a href=\"https:\/\/www.tu-chemnitz.de\/phil\/iesg\/professuren\/eukub\/juniorprofessur\/inhaber.php\">Dr., ist Juniorprofessor f\u00fcr Europ\u00e4ische Kultur und B\u00fcrgergesellschaft an der Technischen Universit\u00e4t Chemnitz<\/a><\/p>\n<p><strong>Sarah Lenz<\/strong><br \/>Dr., ist <a href=\"https:\/\/www.zukuenfte-nachhaltigkeit.uni-hamburg.de\/team\/lenz.html\">Wissenschaftliche Mitarbeiterin an der DFG-Kolleg-Forschungsgruppe &#8222;Zuk\u00fcnfte der Nachhaltigkeit&#8220;<\/a><\/p>\n<p><strong>Kathrin Lutz<\/strong><br \/>ist <a href=\"https:\/\/medien-gesellschaft.soziologie.uni-mainz.de\/kathrin-lutz\/\" target=\"_blank\" rel=\"noopener\">Wissenschaftliche Mitarbeiterin und Doktorandin am Arbeitsbereich Mediensoziologie und Gesellschaftstheorie an der Johannes Gutenberg-Universit\u00e4t Mainz<\/a><\/p>\n<p><strong>Sighard Neckel<br \/><\/strong>Prof. Dr., ist <a href=\"https:\/\/www.wiso.uni-hamburg.de\/fachbereich-sowi\/professuren\/neckel\/team\/neckel-sighard.html\">Professor f\u00fcr Gesellschaftsanalyse und sozialen Wandel an der Universit\u00e4t Hamburg<\/a><\/p>\n<p><strong>Carsten Ohlrogge<\/strong><br \/>ist <a href=\"https:\/\/www.uni-muenster.de\/Soziologie\/personen\/COhlrogge.shtml\" target=\"_blank\" rel=\"noopener\">Wissenschaftlicher Mitarbeiter am Institut f\u00fcr Soziologie der Universit\u00e4t M\u00fcnster<\/a><\/p>\n<p><strong>Sabrina Paustian<\/strong><br \/>ist <a href=\"https:\/\/uol.de\/orginn\/team\/sabrina-paustian\">Wissenschaftliche Mitarbeiterin am Institut f\u00fcr Sozialwissenschaften der Universit\u00e4t Oldenburg<\/a><\/p>\n<p><strong>Thomas Pfister<br \/><\/strong>Dr., <a href=\"https:\/\/www.researchgate.net\/profile\/Thomas-Pfister-5\" target=\"_blank\" rel=\"noopener\">Leiter der Nachwuchsgruppe EnergyCultures an der Zeppelin University Friedrichshafen<\/a><\/p>\n<p><strong>Marlon Philipp<\/strong><br \/>ist <a href=\"https:\/\/ts.sowi.tu-dortmund.de\/fachgebiet\/team\/marlon-philipp\/\">Wissenschaftlicher Mitarbeiter im Fachgebiet Techniksoziologie der Technischen Universit\u00e4t Dortmund<\/a><\/p>\n<p><strong>Simone R\u00f6dder<br \/><\/strong>Prof. Dr., ist Professorin f\u00fcr Soziologie insbesondere Wissenschaftskommunikation und Museumsentwicklung an der Universit\u00e4t Hamburg und <a href=\"https:\/\/leibniz-lib.de\/de\/index.html\">Leitung des Zentrums f\u00fcr Wissenstransfer am Leibniz-Institut zur Analyse des Biodiversit\u00e4tswandels<\/a> (LIB), Bonn und Hamburg.<\/p>\n<p><strong>Marius Rogall<\/strong><br \/>ist wissenschaftlicher Mitarbeiter am <a href=\"https:\/\/www2.wiwi.rub.de\/personen\/marius-rogall\/\" target=\"_blank\" rel=\"noopener\">Centrum f\u00fcr Umweltmanagement, Ressourcen und Energie (CURE)<\/a> an der Ruhr-Universit\u00e4t Bochum und Doktorand an der <a href=\"https:\/\/uni-tuebingen.de\/fakultaeten\/mathematisch-naturwissenschaftliche-fakultaet\/fachbereiche\/geowissenschaften\/arbeitsgruppen\/geographie\/forschungsbereich\/stadt-und-regionalentwicklung\/arbeitsgruppe\/team\/olaf-kuehne\/\" target=\"_blank\" rel=\"noopener\">Universit\u00e4t T\u00fcbingen<\/a><\/p>\n<p><strong>Miriam Schad<\/strong><br \/>Dr., ist <a href=\"https:\/\/www.isoe.de\/team\/dr-miriam-schad\" target=\"_blank\" rel=\"noopener\">wissenschaftliche Mitarbeiterin am Institut f\u00fcr sozial-\u00f6kologische Forschung (ISOE) in Frankfurt am Main<\/a><\/p>\n<p><strong>Laura Scheler<\/strong><br \/>ist <a href=\"https:\/\/www.phil.uni-passau.de\/techniksoziologie\/team-lehrstuhl\/wissenschaftliche-mitarbeiterinnen\/scheler-laura\" target=\"_blank\" rel=\"noopener\">Wissenschaftliche Mitarbeiterin und Doktorandin am Lehrstuhl f\u00fcr Soziologie mit Schwerpunkt Techniksoziologie und nachhaltige Entwicklung an der Universit\u00e4t Passau<\/a><\/p>\n<p><strong>Marcel Sebastian<\/strong><br \/>Dr., ist <a href=\"https:\/\/us.sowi.tu-dortmund.de\/professur\/team\/dr-marcel-sebastian\/\" target=\"_blank\" rel=\"noopener\">wissenschaftlicher Mitarbeiter an der Professur f\u00fcr Umweltsoziologie mit dem Schwerpunkt Transformationsforschung an der TU Dortmund<\/a><\/p>\n<p><strong>Anna Skripchenko<\/strong><br \/>ist <a href=\"https:\/\/www.fiw.uni-bonn.de\/de\/abteilungen\/demokratieforschung\/team\/anna-skripchenko\">Wissenschaftliche Mitarbeiterin der Abteilung f\u00fcr Demokratieforschung an der Universit\u00e4t Bonn<\/a><\/p>\n<p><strong>Matthias Schlo\u00dfberger<br \/><\/strong>PD Dr., <a href=\"https:\/\/europa-uni-de.academia.edu\/MatthiasSchlossberger\">Vertretungsprofessor f\u00fcr Kulturphilosophie\/Philosophie der Kulturen, Europa Universit\u00e4t Viadrina Frankfurt\/O.<\/a><\/p>\n<p><strong>Jan-Felix Schrape<\/strong><br \/>PD. Dr., ist <a href=\"https:\/\/www.sowi.uni-stuttgart.de\/institut\/team\/Schrape-00001\/\">Akademischer Mitarbeiter am Institut f\u00fcr Sozialwissenschaften, Abteilung f\u00fcr Organisations- und Innovationssoziologie an der Universit\u00e4t Stuttgart<\/a><\/p>\n<p><strong>Bernd Sommer<\/strong><br \/>Prof. Dr., ist <a href=\"https:\/\/us.sowi.tu-dortmund.de\/professur\/team\/prof-dr-bernd-sommer\/\" target=\"_blank\" rel=\"noopener\">Professor f\u00fcr Umweltsoziologie mit dem Schwerpunkt Transformationsforschung an der Fakult\u00e4t Sozialwissenschaften der TU Dortmund<\/a><\/p>\n<p><strong>Sebastian Suttner<\/strong><br \/>ist <a href=\"https:\/\/www.politikwissenschaft.uni-wuerzburg.de\/lehrbereiche\/allgemeinesoziologie\/mitarbeiterinnen\/sebastian-suttner\/\" target=\"_blank\" rel=\"noopener\">Wissenschaftlicher Mitarbeiter am Lehrstuhl f\u00fcr Allgemeine Soziologie am Institut f\u00fcr Politikwissenschaft und Soziologie der<\/a><br \/>Julius-Maximilians-Universit\u00e4t W\u00fcrzburg<\/p>\n<p><strong>Ronald Staples<\/strong><br \/>Dr., ist <a href=\"https:\/\/www.soziologie.phil.fau.de\/team\/staples\/\">Wissenschaftlicher Mitarbeiter am Institut f\u00fcr Soziologie der FAU Erlangen-N\u00fcrnberg am Lehrstuhl I \u2013 Arbeits- und Industriesoziologie<\/a><\/p>\n<p><strong>Pia-Johanna Schweizer<\/strong><br \/>Dr., ist <a href=\"https:\/\/www.iass-potsdam.de\/de\/menschen\/pia-johanna-schweizer\">Forschgunsgruppenleiterin am Institute for Advanced Sustainability Studies (IASS) Potsdam<\/a><\/p>\n<p><strong>Marco Sonnberger<\/strong><br \/>Dr., ist <a href=\"https:\/\/www.zirius.uni-stuttgart.de\/team\/Sonnberger\/\">Wissenschaftlicher Mitarbeiter am Zentrum f\u00fcr interdisziplin\u00e4re Risiko- und Innovationsforschung (ZIRIUS) der Universit\u00e4t Stuttgart<\/a><\/p>\n<p><strong>Lena Theiler<\/strong><br \/>Dr., ist <a href=\"https:\/\/www.isoe.de\/team\/lena-theiler\" target=\"_blank\" rel=\"noopener\">wissenschaftliche Mitarbeiterin am Institut f\u00fcr sozial-\u00f6kologische Forschung (ISOE) in Frankfurt am Main<\/a><\/p>\n<p><strong>Bj\u00f6rn Wendt<br \/><\/strong>Dr., ist <a href=\"https:\/\/www.uni-muenster.de\/Soziologie\/personen\/wendt.shtml\">wissenschaftlicher Mitarbeiter am Institut f\u00fcr Soziologie der Universit\u00e4t M\u00fcnster<\/a><\/p>\n<p><strong>Julia Wustmann<\/strong><br \/>ist <a href=\"https:\/\/as.sowi.tu-dortmund.de\/professur\/team\/julia-wustmann\/\" target=\"_blank\" rel=\"noopener\">Wissenschaftliche Mitarbeiterin am Lehr- und Forschungsbereich Allgemeine Soziologie an der Technischen Uni\u00adver\u00adsi\u00adt\u00e4t Dort\u00admund<\/a><\/p>\n<p><strong>Mareike Zobel<\/strong><br \/>Dr., ist <a href=\"https:\/\/research.sociology.cam.ac.uk\/profile\/mareike-zobel\">Research Affiliate am Department of Sociology, University of Cambridge <\/a>und Wissenschaftliche Mitarbeiterin an der Forstlichen Versuchs- und Forschungsanstalt Baden-W\u00fcrttemberg (FVA), Stabsstelle Gesellschaftlicher Wandel<\/p>\n\n\n<h2>Assoziierte Mitglieder und G\u00e4ste des DFG-Netzwerks<\/h2>\n\n\n\n<p>Weert Canzler, PD Dr., Wissenschaftszentrum Berlin<\/p>\n\n\n\n<p>Anita Engels, Prof. Dr., Universit\u00e4t Hamburg<\/p>\n\n\n\n<p>Stefan Kaufmann, Prof. Dr., Universit\u00e4t Freiburg<\/p>\n\n\n\n<p>Katharina Manderscheid, Prof. Dr., Universit\u00e4t Hamburg<\/p>\n\n\n\n<p>Thomas Melde, Dr., akzente GmbH, M\u00fcnchen<\/p>\n\n\n\n<p>Dirk Scheer , Dr., ITAS Karlsruher Institut f\u00fcr Technologie<\/p>\n\n\n\n<p>Falk Schmidt, Dr., IASS Potsdam<\/p>\n\n\n\n<p>Elisabeth Shove, Prof., Lancaster University<\/p>\n\n\n\n<p><\/p>\n\n\n\n<p><\/p>\n","protected":false},"excerpt":{"rendered":"<p>Jana-Maria Albrechtist Doktorandin und Wissenschaftliche Mitarbeiterin an der TU Berlin Thomas BarthDr., ist Wissenschaftlicher Gesch\u00e4ftsf\u00fchrer am Institut f\u00fcr Sozialforschung in Frankfurt am Main Cristina BesioProf., Dr., ist seit 2014 Professorin f\u00fcr Soziologie mit Schwerpunkt Organisationssoziologie an der Helmut-Schmidt-Universit\u00e4t, Hamburg Katharina BlockProf. Dr.,\u00a0 ist Professorin f\u00fcr soziologische Theorien an der Universti\u00e4t Rostock Martin B\u00f6hnertDr., ist Wissenschaftlicher &hellip; <a href=\"https:\/\/soziologie-der-nachhaltigkeit.de\/?page_id=33\" class=\"more-link\"><span class=\"screen-reader-text\">Mitglieder<\/span> weiterlesen <span class=\"meta-nav\">&rarr;<\/span><\/a><\/p>\n","protected":false},"author":1,"featured_media":0,"parent":0,"menu_order":0,"comment_status":"closed","ping_status":"closed","template":"","meta":[],"_links":{"self":[{"href":"https:\/\/soziologie-der-nachhaltigkeit.de\/index.php?rest_route=\/wp\/v2\/pages\/33"}],"collection":[{"href":"https:\/\/soziologie-der-nachhaltigkeit.de\/index.php?rest_route=\/wp\/v2\/pages"}],"about":[{"href":"https:\/\/soziologie-der-nachhaltigkeit.de\/index.php?rest_route=\/wp\/v2\/types\/page"}],"author":[{"embeddable":true,"href":"https:\/\/soziologie-der-nachhaltigkeit.de\/index.php?rest_route=\/wp\/v2\/users\/1"}],"replies":[{"embeddable":true,"href":"https:\/\/soziologie-der-nachhaltigkeit.de\/index.php?rest_route=%2Fwp%2Fv2%2Fcomments&post=33"}],"version-history":[{"count":57,"href":"https:\/\/soziologie-der-nachhaltigkeit.de\/index.php?rest_route=\/wp\/v2\/pages\/33\/revisions"}],"predecessor-version":[{"id":739,"href":"https:\/\/soziologie-der-nachhaltigkeit.de\/index.php?rest_route=\/wp\/v2\/pages\/33\/revisions\/739"}],"wp:attachment":[{"href":"https:\/\/soziologie-der-nachhaltigkeit.de\/index.php?rest_route=%2Fwp%2Fv2%2Fmedia&parent=33"}],"curies":[{"name":"wp","href":"https:\/\/api.w.org\/{rel}","templated":true}]}}