{"id":168,"date":"2019-02-26T11:43:54","date_gmt":"2019-02-26T11:43:54","guid":{"rendered":"http:\/\/soziologie-der-nachhaltigkeit.de\/?page_id=168"},"modified":"2019-03-26T09:37:33","modified_gmt":"2019-03-26T09:37:33","slug":"datenschutzerklaerung","status":"publish","type":"page","link":"https:\/\/soziologie-der-nachhaltigkeit.de\/?page_id=168","title":{"rendered":"Datenschutz"},"content":{"rendered":"\n<h2>Wer wir sind<\/h2>\n\n\n\n<p>Die Adresse unserer Website ist: http:\/\/soziologie-der-nachhaltigkeit.de.<\/p>\n\n\n\n<p>Diese Datenschutzerkl\u00e4rung soll die Nutzer dieser Website \u00fcber die Art, den Umfang und den Zweck der Erhebung und Verwendung personenbezogener Daten durch den Websitebetreiber Thomas Barth, Konradstr. 6, 80801 M\u00fcnchen informieren.<\/p>\n\n\n\n<p>Der Websitebetreiber nimmt Ihren Datenschutz\nsehr ernst und behandelt Ihre personenbezogenen Daten vertraulich und\nentsprechend der gesetzlichen Vorschriften. Da durch neue Technologien und die\nst\u00e4ndige Weiterentwicklung dieser Webseite \u00c4nderungen an dieser\nDatenschutzerkl\u00e4rung vorgenommen werden k\u00f6nnen, empfehlen wir Ihnen sich die\nDatenschutzerkl\u00e4rung in regelm\u00e4\u00dfigen Abst\u00e4nden wieder durchzulesen.<\/p>\n\n\n\n<p>Definitionen der verwendeten Begriffe (z.B.\n\u201cpersonenbezogene Daten\u201d oder \u201cVerarbeitung\u201d) finden Sie in Art. 4 DSGVO.<\/p>\n\n\n\n<h2><strong>Datenschutz<\/strong><\/h2>\n\n\n\n<p>Die Nutzung\nunserer Webseite ist in der Regel ohne Angabe personenbezogener Daten m\u00f6glich.\nSoweit auf unseren Seiten personenbezogene Daten (beispielsweise Name,\nAnschrift oder E-Mail-Adressen) erhoben werden, erfolgt dies, soweit m\u00f6glich,\nstets auf freiwilliger Basis. Diese Daten werden ohne Ihre ausdr\u00fcckliche\nZustimmung nicht an Dritte weitergegeben.<\/p>\n\n\n\n<p>Wir weisen\ndarauf hin, dass die Daten\u00fcbertragung im Internet (z.B. bei der Kommunikation\nper E-Mail) Sicherheitsl\u00fccken aufweisen kann. Ein l\u00fcckenloser Schutz der Daten\nvor dem Zugriff durch Dritte ist nicht m\u00f6glich.<\/p>\n\n\n\n<h2><strong>Auskunft, L\u00f6schung, Sperrung<\/strong><strong><\/strong><\/h2>\n\n\n\n<p>Sie haben\njederzeit das Recht auf unentgeltliche Auskunft \u00fcber Ihre gespeicherten\npersonenbezogenen Daten, deren Herkunft und Empf\u00e4nger und den Zweck der\nDatenverarbeitung sowie ein Recht auf Berichtigung, Sperrung oder L\u00f6schung\ndieser Daten. Hierzu sowie zu weiteren Fragen zum Thema personenbezogene Daten\nk\u00f6nnen Sie sich jederzeit unter der im Impressum angegebenen Adresse an uns\nwenden.<br><\/p>\n\n\n\n<h3>Kommentare<\/h3>\n\n\n\n<p>Wenn Besucher Kommentare auf der Website schreiben, sammeln wir die Daten, die im Kommentar-Formular angezeigt werden, au\u00dferdem die IP-Adresse des Besuchers und den User-Agent-String (damit wird der Browser identifiziert), um die Erkennung von Spam zu unterst\u00fctzen.<\/p>\n\n\n\n<p>Aus deiner E-Mail-Adresse kann eine anonymisierte Zeichenfolge erstellt (auch Hash genannt) und dem Gravatar-Dienst \u00fcbergeben werden, um zu pr\u00fcfen, ob du diesen benutzt. Die Datenschutzerkl\u00e4rung des Gravatar-Dienstes findest du hier: https:\/\/automattic.com\/privacy\/. Nachdem dein Kommentar freigegeben wurde, ist dein Profilbild \u00f6ffentlich im Kontext deines Kommentars sichtbar.<\/p>\n\n\n\n<h2><strong>Cookies<\/strong><\/h2>\n\n\n\n<p>Die\nInternetseiten verwenden teilweise so genannte Cookies. Cookies richten auf\nIhrem Rechner keinen Schaden an und enthalten keine Viren. Cookies dienen dazu,\nunser Angebot nutzerfreundlicher, effektiver und sicherer zu machen. Cookies\nsind kleine Textdateien, die auf Ihrem Rechner abgelegt werden und die Ihr\nBrowser speichert.<\/p>\n\n\n\n<p>Die meisten\nder von uns verwendeten Cookies sind so genannte \u201eSession-Cookies\u201c. Sie werden\nnach Ende Ihres Besuchs automatisch gel\u00f6scht. Andere Cookies bleiben auf Ihrem\nEndger\u00e4t gespeichert, bis Sie diese l\u00f6schen. Diese Cookies erm\u00f6glichen es uns,\nIhren Browser beim n\u00e4chsten Besuch wiederzuerkennen.<\/p>\n\n\n\n<p>Sie k\u00f6nnen\nIhren Browser so einstellen, dass Sie \u00fcber das Setzen von Cookies informiert\nwerden und Cookies nur im Einzelfall erlauben, die Annahme von Cookies f\u00fcr\nbestimmte F\u00e4lle oder generell ausschlie\u00dfen sowie das automatische L\u00f6schen der\nCookies beim Schlie\u00dfen des Browser aktivieren. Bei der Deaktivierung von\nCookies kann die Funktionalit\u00e4t dieser Website eingeschr\u00e4nkt sein.<\/p>\n\n\n\n<h2><strong>Haftung f\u00fcr Links<\/strong><strong><\/strong><\/h2>\n\n\n\n<p>Unser\nAngebot enth\u00e4lt Links zu externen Webseiten Dritter, auf deren Inhalte wir keinen\nEinfluss haben. Deshalb k\u00f6nnen wir f\u00fcr diese fremden Inhalte auch keine Gew\u00e4hr\n\u00fcbernehmen. F\u00fcr die Inhalte der verlinkten Seiten ist stets der jeweilige\nAnbieter oder Betreiber der Seiten verantwortlich. Die verlinkten Seiten wurden\nzum Zeitpunkt der Verlinkung auf m\u00f6gliche Rechtsverst\u00f6\u00dfe \u00fcberpr\u00fcft.\nRechtswidrige Inhalte waren zum Zeitpunkt der Verlinkung nicht erkennbar. Eine\npermanente inhaltliche Kontrolle der verlinkten Seiten ist jedoch ohne konkrete\nAnhaltspunkte einer Rechtsverletzung nicht zumutbar. Bei Bekanntwerden von\nRechtsverletzungen werden wir derartige Links umgehend entfernen.<\/p>\n\n\n\n<h2><strong>Urheberrecht<\/strong><strong><\/strong><\/h2>\n\n\n\n<p>Die durch\ndie Seitenbetreiber erstellten Inhalte und Werke auf diesen Seiten unterliegen\ndem deutschen Urheberrecht. Die Vervielf\u00e4ltigung, Bearbeitung, Verbreitung und\njede Art der Verwertung au\u00dferhalb der Grenzen des Urheberrechtes bed\u00fcrfen der\nschriftlichen Zustimmung des jeweiligen Autors bzw. Erstellers. Downloads und\nKopien dieser Seite sind nur f\u00fcr den privaten, nicht kommerziellen Gebrauch gestattet.\nSoweit die Inhalte auf dieser Seite nicht vom Betreiber erstellt wurden, werden\ndie Urheberrechte Dritter beachtet. Insbesondere werden Inhalte Dritter als\nsolche gekennzeichnet. Sollten Sie trotzdem auf eine Urheberrechtsverletzung\naufmerksam werden, bitten wir um einen entsprechenden Hinweis. Bei\nBekanntwerden von Rechtsverletzungen werden wir derartige Inhalte umgehend\nentfernen.<\/p>\n\n\n\n<h2><strong>Kontaktformular<\/strong><strong><\/strong><\/h2>\n\n\n\n<p>Wenn Sie uns\nper Kontaktformular Anfragen zukommen lassen, werden Ihre Angaben aus dem\nAnfrageformular inklusive der von Ihnen dort angegebenen Kontaktdaten zwecks\nBearbeitung der Anfrage und f\u00fcr den Fall von Anschlussfragen bei uns gespeichert.\nDiese Daten geben wir nicht ohne Ihre Einwilligung weiter.<\/p>\n","protected":false},"excerpt":{"rendered":"<p>Wer wir sind Die Adresse unserer Website ist: http:\/\/soziologie-der-nachhaltigkeit.de. Diese Datenschutzerkl\u00e4rung soll die Nutzer dieser Website \u00fcber die Art, den Umfang und den Zweck der Erhebung und Verwendung personenbezogener Daten durch den Websitebetreiber Thomas Barth, Konradstr. 6, 80801 M\u00fcnchen informieren. Der Websitebetreiber nimmt Ihren Datenschutz sehr ernst und behandelt Ihre personenbezogenen Daten vertraulich und entsprechend &hellip; <a href=\"https:\/\/soziologie-der-nachhaltigkeit.de\/?page_id=168\" class=\"more-link\"><span class=\"screen-reader-text\">Datenschutz<\/span> weiterlesen <span class=\"meta-nav\">&rarr;<\/span><\/a><\/p>\n","protected":false},"author":1,"featured_media":0,"parent":0,"menu_order":0,"comment_status":"closed","ping_status":"closed","template":"","meta":[],"_links":{"self":[{"href":"https:\/\/soziologie-der-nachhaltigkeit.de\/index.php?rest_route=\/wp\/v2\/pages\/168"}],"collection":[{"href":"https:\/\/soziologie-der-nachhaltigkeit.de\/index.php?rest_route=\/wp\/v2\/pages"}],"about":[{"href":"https:\/\/soziologie-der-nachhaltigkeit.de\/index.php?rest_route=\/wp\/v2\/types\/page"}],"author":[{"embeddable":true,"href":"https:\/\/soziologie-der-nachhaltigkeit.de\/index.php?rest_route=\/wp\/v2\/users\/1"}],"replies":[{"embeddable":true,"href":"https:\/\/soziologie-der-nachhaltigkeit.de\/index.php?rest_route=%2Fwp%2Fv2%2Fcomments&post=168"}],"version-history":[{"count":3,"href":"https:\/\/soziologie-der-nachhaltigkeit.de\/index.php?rest_route=\/wp\/v2\/pages\/168\/revisions"}],"predecessor-version":[{"id":311,"href":"https:\/\/soziologie-der-nachhaltigkeit.de\/index.php?rest_route=\/wp\/v2\/pages\/168\/revisions\/311"}],"wp:attachment":[{"href":"https:\/\/soziologie-der-nachhaltigkeit.de\/index.php?rest_route=%2Fwp%2Fv2%2Fmedia&parent=168"}],"curies":[{"name":"wp","href":"https:\/\/api.w.org\/{rel}","templated":true}]}}